{"id":109,"date":"2025-12-22T14:05:05","date_gmt":"2025-12-22T13:05:05","guid":{"rendered":"https:\/\/px.h3e.cc\/?page_id=109"},"modified":"2025-12-25T10:10:31","modified_gmt":"2025-12-25T09:10:31","slug":"bilder","status":"publish","type":"page","link":"https:\/\/px.h3e.cc\/","title":{"rendered":"pix"},"content":{"rendered":"\n<figure class=\"wp-block-image size-large\"><img loading=\"lazy\" decoding=\"async\" width=\"1024\" height=\"576\" src=\"https:\/\/px.h3e.cc\/wp-content\/uploads\/2025\/12\/roemoecamper01-1024x576.jpg\" alt=\"\" class=\"wp-image-11\" srcset=\"https:\/\/px.h3e.cc\/wp-content\/uploads\/2025\/12\/roemoecamper01-1024x576.jpg 1024w, https:\/\/px.h3e.cc\/wp-content\/uploads\/2025\/12\/roemoecamper01-300x169.jpg 300w, https:\/\/px.h3e.cc\/wp-content\/uploads\/2025\/12\/roemoecamper01-768x432.jpg 768w, https:\/\/px.h3e.cc\/wp-content\/uploads\/2025\/12\/roemoecamper01-1536x864.jpg 1536w, https:\/\/px.h3e.cc\/wp-content\/uploads\/2025\/12\/roemoecamper01.jpg 2048w\" sizes=\"auto, (max-width: 1024px) 100vw, 1024px\" \/><\/figure>\n\n\n\n<h6 class=\"wp-block-heading\">R\u00f8m\u00f82025<\/h6>\n\n\n\n<figure class=\"wp-block-image size-large\"><img loading=\"lazy\" decoding=\"async\" width=\"1024\" height=\"576\" src=\"https:\/\/px.h3e.cc\/wp-content\/uploads\/2025\/12\/6-DSC00125-1024x576.jpg\" alt=\"\" class=\"wp-image-111\" srcset=\"https:\/\/px.h3e.cc\/wp-content\/uploads\/2025\/12\/6-DSC00125-1024x576.jpg 1024w, https:\/\/px.h3e.cc\/wp-content\/uploads\/2025\/12\/6-DSC00125-300x169.jpg 300w, https:\/\/px.h3e.cc\/wp-content\/uploads\/2025\/12\/6-DSC00125-768x432.jpg 768w, https:\/\/px.h3e.cc\/wp-content\/uploads\/2025\/12\/6-DSC00125-1536x864.jpg 1536w, https:\/\/px.h3e.cc\/wp-content\/uploads\/2025\/12\/6-DSC00125-2048x1152.jpg 2048w\" sizes=\"auto, (max-width: 1024px) 100vw, 1024px\" \/><\/figure>\n\n\n\n<h6 class=\"wp-block-heading\">R\u00f8m\u00f82025<\/h6>\n\n\n\n<figure class=\"wp-block-image size-large\"><img loading=\"lazy\" decoding=\"async\" width=\"1024\" height=\"683\" src=\"https:\/\/px.h3e.cc\/wp-content\/uploads\/2025\/12\/DSC03424-1024x683.jpeg\" alt=\"\" class=\"wp-image-115\" srcset=\"https:\/\/px.h3e.cc\/wp-content\/uploads\/2025\/12\/DSC03424-1024x683.jpeg 1024w, https:\/\/px.h3e.cc\/wp-content\/uploads\/2025\/12\/DSC03424-300x200.jpeg 300w, https:\/\/px.h3e.cc\/wp-content\/uploads\/2025\/12\/DSC03424-768x512.jpeg 768w, https:\/\/px.h3e.cc\/wp-content\/uploads\/2025\/12\/DSC03424-1536x1024.jpeg 1536w, https:\/\/px.h3e.cc\/wp-content\/uploads\/2025\/12\/DSC03424-2048x1365.jpeg 2048w\" sizes=\"auto, (max-width: 1024px) 100vw, 1024px\" \/><\/figure>\n\n\n\n<h6 class=\"wp-block-heading\">BridGe of spies<\/h6>\n\n\n\n<figure class=\"wp-block-image size-large\"><img loading=\"lazy\" decoding=\"async\" width=\"1024\" height=\"683\" src=\"https:\/\/px.h3e.cc\/wp-content\/uploads\/2025\/12\/DSC03404-1024x683.jpeg\" alt=\"\" class=\"wp-image-114\" srcset=\"https:\/\/px.h3e.cc\/wp-content\/uploads\/2025\/12\/DSC03404-1024x683.jpeg 1024w, https:\/\/px.h3e.cc\/wp-content\/uploads\/2025\/12\/DSC03404-300x200.jpeg 300w, https:\/\/px.h3e.cc\/wp-content\/uploads\/2025\/12\/DSC03404-768x512.jpeg 768w, https:\/\/px.h3e.cc\/wp-content\/uploads\/2025\/12\/DSC03404-1536x1024.jpeg 1536w, https:\/\/px.h3e.cc\/wp-content\/uploads\/2025\/12\/DSC03404-2048x1365.jpeg 2048w\" sizes=\"auto, (max-width: 1024px) 100vw, 1024px\" \/><\/figure>\n\n\n\n<h6 class=\"wp-block-heading\">BridGe of spies<\/h6>\n\n\n\n<figure class=\"wp-block-image size-large\"><img loading=\"lazy\" decoding=\"async\" width=\"1024\" height=\"683\" src=\"https:\/\/px.h3e.cc\/wp-content\/uploads\/2025\/12\/DSC03419-1024x683.jpg\" alt=\"\" class=\"wp-image-125\" srcset=\"https:\/\/px.h3e.cc\/wp-content\/uploads\/2025\/12\/DSC03419-1024x683.jpg 1024w, https:\/\/px.h3e.cc\/wp-content\/uploads\/2025\/12\/DSC03419-300x200.jpg 300w, https:\/\/px.h3e.cc\/wp-content\/uploads\/2025\/12\/DSC03419-768x512.jpg 768w, https:\/\/px.h3e.cc\/wp-content\/uploads\/2025\/12\/DSC03419-1536x1024.jpg 1536w, https:\/\/px.h3e.cc\/wp-content\/uploads\/2025\/12\/DSC03419-2048x1365.jpg 2048w\" sizes=\"auto, (max-width: 1024px) 100vw, 1024px\" \/><\/figure>\n\n\n\n<h6 class=\"wp-block-heading\">BridGe of spies<\/h6>\n","protected":false},"excerpt":{"rendered":"<p>R\u00f8m\u00f82025 R\u00f8m\u00f82025 BridGe of spies BridGe of spies BridGe of spies<\/p>\n","protected":false},"author":1,"featured_media":0,"parent":0,"menu_order":0,"comment_status":"closed","ping_status":"closed","template":"","meta":{"footnotes":""},"class_list":["post-109","page","type-page","status-publish","hentry"],"_links":{"self":[{"href":"https:\/\/px.h3e.cc\/index.php?rest_route=\/wp\/v2\/pages\/109","targetHints":{"allow":["GET"]}}],"collection":[{"href":"https:\/\/px.h3e.cc\/index.php?rest_route=\/wp\/v2\/pages"}],"about":[{"href":"https:\/\/px.h3e.cc\/index.php?rest_route=\/wp\/v2\/types\/page"}],"author":[{"embeddable":true,"href":"https:\/\/px.h3e.cc\/index.php?rest_route=\/wp\/v2\/users\/1"}],"replies":[{"embeddable":true,"href":"https:\/\/px.h3e.cc\/index.php?rest_route=%2Fwp%2Fv2%2Fcomments&post=109"}],"version-history":[{"count":9,"href":"https:\/\/px.h3e.cc\/index.php?rest_route=\/wp\/v2\/pages\/109\/revisions"}],"predecessor-version":[{"id":135,"href":"https:\/\/px.h3e.cc\/index.php?rest_route=\/wp\/v2\/pages\/109\/revisions\/135"}],"wp:attachment":[{"href":"https:\/\/px.h3e.cc\/index.php?rest_route=%2Fwp%2Fv2%2Fmedia&parent=109"}],"curies":[{"name":"wp","href":"https:\/\/api.w.org\/{rel}","templated":true}]}}